{"id":1622,"date":"2022-04-14T10:21:10","date_gmt":"2022-04-14T10:21:10","guid":{"rendered":"http:\/\/lionuniformes.com\/?post_type=product&#038;p=1622"},"modified":"2025-08-10T17:16:19","modified_gmt":"2025-08-10T17:16:19","slug":"bata-para-spa-2","status":"publish","type":"product","link":"https:\/\/lionuniformes.com\/index.php\/product\/bata-para-spa-2\/","title":{"rendered":"T\u00fanica e cal\u00e7a c\u00f3s el\u00e1sticas estilo SPA"},"content":{"rendered":"","protected":false},"excerpt":{"rendered":"","protected":false},"featured_media":1623,"template":"","meta":{"om_disable_all_campaigns":false,"_monsterinsights_skip_tracking":false,"_monsterinsights_sitenote_active":false,"_monsterinsights_sitenote_note":"","_monsterinsights_sitenote_category":0,"site-sidebar-layout":"default","site-content-layout":"default","ast-main-header-display":"","ast-hfb-above-header-display":"","ast-hfb-below-header-display":"","ast-hfb-mobile-header-display":"","site-post-title":"","ast-breadcrumbs-content":"","ast-featured-img":"","footer-sml-layout":"","theme-transparent-header-meta":"","adv-header-id-meta":"","stick-header-meta":"","header-above-stick-meta":"","header-main-stick-meta":"","header-below-stick-meta":""},"product_cat":[30,28],"product_tag":[],"class_list":["post-1622","product","type-product","status-publish","has-post-thumbnail","hentry","product_cat-spa","product_cat-servicos-gerais"],"_links":{"self":[{"href":"https:\/\/lionuniformes.com\/index.php\/wp-json\/wp\/v2\/product\/1622","targetHints":{"allow":["GET"]}}],"collection":[{"href":"https:\/\/lionuniformes.com\/index.php\/wp-json\/wp\/v2\/product"}],"about":[{"href":"https:\/\/lionuniformes.com\/index.php\/wp-json\/wp\/v2\/types\/product"}],"version-history":[{"count":3,"href":"https:\/\/lionuniformes.com\/index.php\/wp-json\/wp\/v2\/product\/1622\/revisions"}],"predecessor-version":[{"id":2274,"href":"https:\/\/lionuniformes.com\/index.php\/wp-json\/wp\/v2\/product\/1622\/revisions\/2274"}],"wp:featuredmedia":[{"embeddable":true,"href":"https:\/\/lionuniformes.com\/index.php\/wp-json\/wp\/v2\/media\/1623"}],"wp:attachment":[{"href":"https:\/\/lionuniformes.com\/index.php\/wp-json\/wp\/v2\/media?parent=1622"}],"wp:term":[{"taxonomy":"product_cat","embeddable":true,"href":"https:\/\/lionuniformes.com\/index.php\/wp-json\/wp\/v2\/product_cat?post=1622"},{"taxonomy":"product_tag","embeddable":true,"href":"https:\/\/lionuniformes.com\/index.php\/wp-json\/wp\/v2\/product_tag?post=1622"}],"curies":[{"name":"wp","href":"https:\/\/api.w.org\/{rel}","templated":true}]}}