{"id":1338,"date":"2022-04-12T10:42:19","date_gmt":"2022-04-12T10:42:19","guid":{"rendered":"http:\/\/lionuniformes.com\/?post_type=product&#038;p=1338"},"modified":"2025-07-31T09:06:09","modified_gmt":"2025-07-31T09:06:09","slug":"fato-macacao","status":"publish","type":"product","link":"https:\/\/lionuniformes.com\/index.php\/product\/fato-macacao\/","title":{"rendered":"Fato Maca\u00e7\u00e3o"},"content":{"rendered":"","protected":false},"excerpt":{"rendered":"<p>Macac\u00e3o Multibolso<\/p>\n","protected":false},"featured_media":1340,"template":"","meta":{"om_disable_all_campaigns":false,"_monsterinsights_skip_tracking":false,"_monsterinsights_sitenote_active":false,"_monsterinsights_sitenote_note":"","_monsterinsights_sitenote_category":0,"site-sidebar-layout":"default","site-content-layout":"default","ast-main-header-display":"","ast-hfb-above-header-display":"","ast-hfb-below-header-display":"","ast-hfb-mobile-header-display":"","site-post-title":"","ast-breadcrumbs-content":"","ast-featured-img":"","footer-sml-layout":"","theme-transparent-header-meta":"","adv-header-id-meta":"","stick-header-meta":"","header-above-stick-meta":"","header-main-stick-meta":"","header-below-stick-meta":""},"product_cat":[19],"product_tag":[],"class_list":["post-1338","product","type-product","status-publish","has-post-thumbnail","hentry","product_cat-macacao"],"_links":{"self":[{"href":"https:\/\/lionuniformes.com\/index.php\/wp-json\/wp\/v2\/product\/1338","targetHints":{"allow":["GET"]}}],"collection":[{"href":"https:\/\/lionuniformes.com\/index.php\/wp-json\/wp\/v2\/product"}],"about":[{"href":"https:\/\/lionuniformes.com\/index.php\/wp-json\/wp\/v2\/types\/product"}],"version-history":[{"count":2,"href":"https:\/\/lionuniformes.com\/index.php\/wp-json\/wp\/v2\/product\/1338\/revisions"}],"predecessor-version":[{"id":1979,"href":"https:\/\/lionuniformes.com\/index.php\/wp-json\/wp\/v2\/product\/1338\/revisions\/1979"}],"wp:featuredmedia":[{"embeddable":true,"href":"https:\/\/lionuniformes.com\/index.php\/wp-json\/wp\/v2\/media\/1340"}],"wp:attachment":[{"href":"https:\/\/lionuniformes.com\/index.php\/wp-json\/wp\/v2\/media?parent=1338"}],"wp:term":[{"taxonomy":"product_cat","embeddable":true,"href":"https:\/\/lionuniformes.com\/index.php\/wp-json\/wp\/v2\/product_cat?post=1338"},{"taxonomy":"product_tag","embeddable":true,"href":"https:\/\/lionuniformes.com\/index.php\/wp-json\/wp\/v2\/product_tag?post=1338"}],"curies":[{"name":"wp","href":"https:\/\/api.w.org\/{rel}","templated":true}]}}